{"id":38,"date":"2016-11-24T18:11:26","date_gmt":"2016-11-24T18:11:26","guid":{"rendered":"http:\/\/www.muslimphilosophy.com\/ma\/newsite\/?page_id=38"},"modified":"2023-09-19T19:04:37","modified_gmt":"2023-09-19T19:04:37","slug":"publications-articles","status":"publish","type":"page","link":"http:\/\/www.muslimphilosophy.com\/ma\/publications-2\/publications-articles\/","title":{"rendered":"Selected Articles"},"content":{"rendered":"<p>Published Articles: you can read some of the following papers on this link: <a href=\"https:\/\/muslimphilosophy.academia.edu\/MashhadAlAllaf\" target=\"_blank\" rel=\"noopener\">https:\/\/muslimphilosophy.academia.edu\/MashhadAlAllaf<\/a><\/p>\n<p><strong>Selected Refereed Journal Articles<\/strong><\/p>\n<ul>\n<li>M. Al-Allaf, <strong>Al-\u1e2a\u0101zin\u012b on Center of Gravity<\/strong>, <em>Frankfurter Zeitschrift F\u00fcr Islamisch-Theologische Studien<\/em>, Berlin, Ebverlag, 5, 2021, pp. 59-84.<\/li>\n<li>M. Al-Allaf, <strong>Is Existence a Predicate? Al Farabi on Predicate and Necessary Being<\/strong>, <em>Academic Journal of Science<\/em>, ISSN: 2165-6282: 08(02):233\u2013236, 2018<\/li>\n<li>M. Al-Allaf, <strong>Naming and Being: Issues in Al-Ghazali\u2019s Philosophy of Language<\/strong>, <em>The Journal of Humanities and Social Sciences Review<\/em> (HSSR), Volume 07, Number 02, pp. 151-160, 2017<\/li>\n<li>M. Al-Allaf,<strong>Unique Quantification: Beyond Russell and Kripke, Islamic Philosophy of Naming<\/strong><em><strong>,<\/strong> The Journal of Humanities and Social Sciences Review (HSSR), Volume 06, Number 01, 2016, pp. 67-86.<\/em><\/li>\n<\/ul>\n<ul>\n<li>M. Al-Allaf, <strong>Jabir on Inductive Reasoning and Metaphysic<\/strong>: A Chemist&#8217;s Perspective on Philosophy of Science and the Eternity of the World, <em>The Journal of Islamic Philosophy<\/em>, USA, Vol. 10, 2016, pp. 3-18.<\/li>\n<\/ul>\n<ul>\n<li>M. Al-Allaf, <strong>The Technique of Soul Removal, Plastic Surgery: Islamic Perspectives,<\/strong> <em>Medicine and Law Journal<\/em>, Volume 35, 2016, pp. 131-150.<\/li>\n<\/ul>\n<ul>\n<li>M. Allaf, <strong>The Logic of Uniqueness <\/strong>&#8211; Five Underlying Principles in Ibn Taymiyya\u2019s Critique of Aristotelian Logic,<em> International Journal of Arts and Sciences<\/em>, Volume 07, Number 04, 2014, pp. 499-508. (http:\/\/www.universitypublications.net\/ijas\/0704\/pdf\/V4NA152.pdf)<\/li>\n<\/ul>\n<ul>\n<li>M. Al-Allaf, <strong>Modern Technology, Preventive Ethics and the Human Condition<\/strong><strong>,<\/strong> <em>International Journal of Arts and Sciences<\/em>, vol.4, no.13, 2011, pp.161-168.<\/li>\n<\/ul>\n<ul>\n<li>M. Al-Allaf, <strong>\u201cQur\u2019anic Statements and Protocol Sentences of Science:<\/strong> Are \u201cProtocol Sentences\u201d of science and \u201cCore Statements\u201d of religion two mutually inconsistent foundations of the same worldview?,\u201d <em>Transcendent Philosophy, An International Journal for Comparative Philosophy and Mysticism<\/em>, UK<strong>,<\/strong> Volume 10, December 2009, pp. 53-70.<\/li>\n<li>M. Al-Allaf, <strong>\u201cIslamic Interculturalism<\/strong>,\u201d in <em>Multicultural Society: Difference or Diversity? <\/em>R. Fisichella (Ed), San Giovanni in Laterano, Citta Del Vaticano, Italy: Pontificia Universita Lateranense, Nuntium 38-39 (2009-3), pp. 63-69.<\/li>\n<li>&#8220;Interculturalismo islamico&#8221;, &#8220;La societ\u00e0 multiculturale: differenze o diversit\u00e0?&#8221; Lateran University Press, Citt\u00e0 del Vaticano, <strong>Italy,<\/strong> Nuntium 38-39 (2009-3), pp. 63-69. Link to: Islam and Interculturalism,\u00a0\u00a0<em>Nuntium<\/em>\u00a02009\/2-3 (<a href=\"http:\/\/www.muslimphilosophy.com\/ma\/works\/Nuntium.pdf\" target=\"_blank\" rel=\"noopener\">pdf<\/a>)\u00a0(translated in Italian)<\/li>\n<li>Al-Allaf, <strong>Al-Ghazali on Logical Necessity, Causality, and Miracles.<\/strong> <em>\u00a0Journal of Islamic Philosophy<\/em>, USA, Vol. 2. 2006, pp. 37-52.<\/li>\n<\/ul>\n<ul>\n<li>Al-Allaf, <strong>Globalization, Multiculturalism, and Maqasid Theory<em>,<\/em><\/strong> Presented at the Conference on Globalization. <strong>Salamanca, Spain.<\/strong> December 2002 and published in their <em>Journal on Society, Globalization and Rhetoric 2003, pp. 5-16.<\/em><\/li>\n<li>Al-Allaf, <strong>\u201cThe Logic of Science and the Metaphysical Presuppositions,\u201d<\/strong> <em>Diras\u0101t Arabiyya, Lebanon, 1989, pp. 3-33.<\/em><\/li>\n<\/ul>\n<h2><strong>\u00a0<\/strong>Non-Refereed Journal Articles<\/h2>\n<ul>\n<li>M. Al-Allaf, The Relationship between Science and Religion; A Pseudo-Problem, <em>Journal of Trending Events<\/em>, vol.10, May, 2015, pp. 23-24.<\/li>\n<\/ul>\n<div class=\"header\"><strong>\u00a0Islamic Philosophy of Science, selection:<\/strong><\/div>\n<div class=\"header\">\n<ul>\n<li><a href=\"http:\/\/www.muslimphilosophy.com\/ma\/newsite\/?p=111\">Al-Kindi and David Hilbert on Infinity<\/a><\/li>\n<li><a href=\"http:\/\/www.muslimphilosophy.com\/ma\/newsite\/?p=114\">Al-Kindi&#8217;s Mathematical Metaphysics<\/a><\/li>\n<li><a href=\"http:\/\/www.muslimphilosophy.com\/ma\/newsite\/?p=108\">Al-Kindi&#8217;s Natural Philosophy<\/a><\/li>\n<\/ul>\n<\/div>\n","protected":false},"excerpt":{"rendered":"<p>Published Articles: you can read some of the following papers on this link: https:\/\/muslimphilosophy.academia.edu\/MashhadAlAllaf Selected Refereed Journal Articles M. Al-Allaf, Al-\u1e2a\u0101zin\u012b on Center of Gravity, Frankfurter Zeitschrift F\u00fcr Islamisch-Theologische Studien, Berlin, Ebverlag, 5, 2021, pp. 59-84. M. Al-Allaf, Is Existence &hellip; <a href=\"http:\/\/www.muslimphilosophy.com\/ma\/publications-2\/publications-articles\/\">Continue reading <span class=\"meta-nav\">&rarr;<\/span><\/a><\/p>\n","protected":false},"author":1,"featured_media":0,"parent":77,"menu_order":2,"comment_status":"closed","ping_status":"closed","template":"","meta":{"footnotes":""},"_links":{"self":[{"href":"http:\/\/www.muslimphilosophy.com\/ma\/wp-json\/wp\/v2\/pages\/38"}],"collection":[{"href":"http:\/\/www.muslimphilosophy.com\/ma\/wp-json\/wp\/v2\/pages"}],"about":[{"href":"http:\/\/www.muslimphilosophy.com\/ma\/wp-json\/wp\/v2\/types\/page"}],"author":[{"embeddable":true,"href":"http:\/\/www.muslimphilosophy.com\/ma\/wp-json\/wp\/v2\/users\/1"}],"replies":[{"embeddable":true,"href":"http:\/\/www.muslimphilosophy.com\/ma\/wp-json\/wp\/v2\/comments?post=38"}],"version-history":[{"count":20,"href":"http:\/\/www.muslimphilosophy.com\/ma\/wp-json\/wp\/v2\/pages\/38\/revisions"}],"predecessor-version":[{"id":271,"href":"http:\/\/www.muslimphilosophy.com\/ma\/wp-json\/wp\/v2\/pages\/38\/revisions\/271"}],"up":[{"embeddable":true,"href":"http:\/\/www.muslimphilosophy.com\/ma\/wp-json\/wp\/v2\/pages\/77"}],"wp:attachment":[{"href":"http:\/\/www.muslimphilosophy.com\/ma\/wp-json\/wp\/v2\/media?parent=38"}],"curies":[{"name":"wp","href":"https:\/\/api.w.org\/{rel}","templated":true}]}}